{"id":446,"date":"2026-01-10T12:43:36","date_gmt":"2026-01-10T12:43:36","guid":{"rendered":"https:\/\/demo2026.inciner8.hr\/wp\/?page_id=446"},"modified":"2026-01-10T16:05:18","modified_gmt":"2026-01-10T16:05:18","slug":"rezervni-dijelovi","status":"publish","type":"page","link":"https:\/\/demo2026.inciner8.hr\/wp\/rezervni-dijelovi\/","title":{"rendered":"rezervni dijelovi"},"content":{"rendered":"<section class=\"bde-section-446-100 bde-section\">\n              \n  \n  \n\t\n\n  <div class=\"section-background-overlay\"><\/div>\n\n\n<div class=\"section-container\"><h1 class=\"bde-dual-heading-446-101 bde-dual-heading\">\n\n\n            <span data-style=\"primary\" class=\"dual-heading--primary  \">Rezervni<\/span>\n\n            <span data-style=\"secondary\" class=\"dual-heading--secondary  \">i potro\u0161ni dijelovi<\/span>\n\n\n\n<\/h1><div class=\"bde-text-446-102 bde-text\">\nPouzdana dostupnost za neprekidan rad sustava\n<\/div><\/div>\n<\/section><section class=\"bde-section-446-103 bde-section\">\n  \n  \n\t\n\n\n\n<div class=\"section-container\"><div class=\"bde-columns-446-104 bde-columns\"><div class=\"bde-column-446-105 bde-column\">\n  \n  \n\t\n\n\n\n<h2 class=\"bde-dual-heading-446-106 bde-dual-heading\">\n\n\n            <span data-style=\"primary\" class=\"dual-heading--primary  \">Originalni <\/span>\n\n            <span data-style=\"secondary\" class=\"dual-heading--secondary  \">rezervni dijelovi<\/span>\n\n\n\n<\/h2><div class=\"bde-rich-text-446-107 bde-rich-text breakdance-rich-text-styles\">\n<p data-start=\"598\" data-end=\"802\">Osiguravamo dobavu <strong data-start=\"617\" data-end=\"651\">originalnih rezervnih dijelova<\/strong>, u skladu s tehni\u010dkim specifikacijama proizvo\u0111a\u010da. Kori\u0161tenje originalnih dijelova jam\u010di kompatibilnost, sigurnost rada i dugoro\u010dnu pouzdanost opreme.<\/p>\n<p data-start=\"804\" data-end=\"833\">Originalni rezervni dijelovi:<\/p>\n<ul data-start=\"834\" data-end=\"967\">\n<li data-start=\"834\" data-end=\"879\">\n<p data-start=\"836\" data-end=\"879\">osiguravaju optimalne performanse sustava<\/p>\n<\/li>\n<li data-start=\"880\" data-end=\"932\">\n<p data-start=\"882\" data-end=\"932\">smanjuju rizik od kvarova i neplaniranih zastoja<\/p>\n<\/li>\n<li data-start=\"933\" data-end=\"967\">\n<p data-start=\"935\" data-end=\"967\">doprinose dugotrajnosti opreme<\/p>\n<\/li>\n<\/ul>\n<\/div>\n<\/div><div class=\"bde-column-446-108 bde-column\">\n  \n  \n\t\n\n\n\n<img decoding=\"async\" class=\"bde-image2-446-109 bde-image2\" src=\"https:\/\/demo2026.inciner8.hr\/wp\/wp-content\/uploads\/2026\/01\/originalni-dijelovi-300x263.jpg\" loading=\"lazy\" srcset=\"https:\/\/demo2026.inciner8.hr\/wp\/wp-content\/uploads\/2026\/01\/originalni-dijelovi.jpg 740w, https:\/\/demo2026.inciner8.hr\/wp\/wp-content\/uploads\/2026\/01\/originalni-dijelovi-300x263.jpg 300w\" sizes=\"(max-width: 740px) 100vw, 740px\">\n<\/div><\/div><\/div>\n<\/section><section class=\"bde-section-446-110 bde-section\">\n  \n  \n\t\n\n\n\n<div class=\"section-container\"><div class=\"bde-columns-446-111 bde-columns\"><div class=\"bde-column-446-112 bde-column\">\n  \n  \n\t\n\n\n\n<h1 class=\"bde-heading-446-113 bde-heading\">\nDobava u garantnom i vangarantnom razdoblju\n<\/h1><div class=\"bde-rich-text-446-114 bde-rich-text breakdance-rich-text-styles\">\n<p data-start=\"1022\" data-end=\"1252\">Rezervne dijelove osiguravamo <strong data-start=\"1052\" data-end=\"1099\">tijekom jamstvenog i vangarantnog razdoblja<\/strong>, uz jasnu i pravovremenu podr\u0161ku korisnicima. Na\u0161 tim poma\u017ee u identifikaciji potrebnih dijelova i organizira njihovu isporuku u najkra\u0107em mogu\u0107em roku.<\/p>\n<p data-start=\"1254\" data-end=\"1270\">Dobava obuhva\u0107a:<\/p>\n<ul data-start=\"1271\" data-end=\"1366\">\n<li data-start=\"1271\" data-end=\"1292\">\n<p data-start=\"1273\" data-end=\"1292\">potro\u0161ne dijelove<\/p>\n<\/li>\n<li data-start=\"1293\" data-end=\"1328\">\n<p data-start=\"1295\" data-end=\"1328\">klju\u010dne funkcionalne komponente<\/p>\n<\/li>\n<li data-start=\"1329\" data-end=\"1366\">\n<p data-start=\"1331\" data-end=\"1366\">sigurnosne i upravlja\u010dke elemente<\/p>\n<\/li>\n<\/ul>\n<\/div>\n<\/div><div class=\"bde-column-446-115 bde-column\">\n  \n  \n\t\n\n\n\n<img decoding=\"async\" class=\"bde-image2-446-116 bde-image2\" src=\"https:\/\/demo2026.inciner8.hr\/wp\/wp-content\/uploads\/2026\/01\/support-1-229x300.jpg\" loading=\"lazy\" sizes=\"(max-width: 229px) 100vw, 229px\">\n<\/div><\/div><div class=\"bde-rich-text-446-129 bde-rich-text breakdance-rich-text-styles\">\n<h4 data-start=\"1373\" data-end=\"1419\">Savjetovanje pri odabiru rezervnih dijelova<\/h4>\n<p data-start=\"1421\" data-end=\"1583\">Korisnicima pru\u017eamo <strong data-start=\"1441\" data-end=\"1465\">stru\u010dno savjetovanje<\/strong> pri odabiru odgovaraju\u0107ih rezervnih dijelova, kako bi se osigurala ispravna zamjena i nastavak sigurnog rada sustava.<\/p>\n<p data-start=\"1585\" data-end=\"1608\">Savjetovanje uklju\u010duje:<\/p>\n<ul data-start=\"1609\" data-end=\"1740\">\n<li data-start=\"1609\" data-end=\"1650\">\n<p data-start=\"1611\" data-end=\"1650\">identifikaciju kompatibilnih dijelova<\/p>\n<\/li>\n<li data-start=\"1651\" data-end=\"1687\">\n<p data-start=\"1653\" data-end=\"1687\">preporuke za preventivnu zamjenu<\/p>\n<\/li>\n<li data-start=\"1688\" data-end=\"1740\">\n<p data-start=\"1690\" data-end=\"1740\">uskla\u0111enost s tehni\u010dkim i sigurnosnim zahtjevima<\/p>\n<\/li>\n<\/ul>\n<h4 data-start=\"1747\" data-end=\"1783\">Brza isporuka i smanjenje zastoja<\/h4>\n<p data-start=\"1785\" data-end=\"1992\">Svjesni smo da je vrijeme klju\u010dan faktor u slu\u010daju kvara ili zamjene dijela. Zato te\u017eimo <strong data-start=\"1874\" data-end=\"1923\">brzoj i pouzdanoj isporuci rezervnih dijelova<\/strong>, s ciljem smanjenja zastoja i \u0161to br\u017eeg povratka sustava u puni rad.<\/p>\n<h4 data-start=\"1999\" data-end=\"2031\">Podr\u0161ka pri ugradnji dijelova<\/h4>\n<p data-start=\"2033\" data-end=\"2220\">Po potrebi pru\u017eamo i <strong data-start=\"2054\" data-end=\"2116\">tehni\u010dku podr\u0161ku pri zamjeni i ugradnji rezervnih dijelova<\/strong>, bilo putem servisnog tima na lokaciji ili kroz udaljenu tehni\u010dku podr\u0161ku, ovisno o slo\u017eenosti zahvata.<\/p>\n<\/div><\/div>\n<\/section><section class=\"bde-section-446-124 bde-section\">\n  \n  \n\t\n\n\n\n<div class=\"section-container\"><h1 class=\"bde-dual-heading-446-130 bde-dual-heading\">\n\n\n            <span data-style=\"primary\" class=\"dual-heading--primary  \">Dugoro\u010dna <\/span>\n\n            <span data-style=\"secondary\" class=\"dual-heading--secondary  js-annotate\">sigurnost ulaganja<\/span>\n\n\n\n<\/h1><div class=\"bde-text-446-125 bde-text\">\n\n<\/div><div class=\"bde-rich-text-446-127 bde-rich-text breakdance-rich-text-styles\">\n<p>Dostupnost odgovaraju\u0107ih rezervnih dijelova klju\u010dna je za pouzdan i siguran rad opreme. Kroz organiziranu dobavu originalnih rezervnih dijelova osiguravamo korisnicima kontinuitet rada, smanjenje zastoja i o\u010duvanje performansi sustava tijekom cijelog \u017eivotnog vijeka.<\/p>\n<p>Pravodobna dobava i pravilna ugradnja rezervnih dijelova klju\u010dni su za o\u010duvanje pouzdanosti sustava i sigurnosti rada. Kroz organiziranu podr\u0161ku u podru\u010dju rezervnih dijelova poma\u017eemo korisnicima u za\u0161titi njihove investicije i osiguravanju dugoro\u010dnog, stabilnog rada opreme.<\/p>\n<\/div><\/div>\n<\/section>","protected":false},"excerpt":{"rendered":"<p>Rezervni i potro\u0161ni dijelovi Pouzdana dostupnost za neprekidan rad sustava Originalni rezervni dijelovi Osiguravamo dobavu originalnih rezervnih dijelova, u skladu s tehni\u010dkim specifikacijama proizvo\u0111a\u010da. Kori\u0161tenje originalnih dijelova jam\u010di kompatibilnost, sigurnost rada i dugoro\u010dnu pouzdanost opreme. Originalni rezervni dijelovi: osiguravaju optimalne performanse sustava smanjuju rizik od kvarova i neplaniranih zastoja doprinose dugotrajnosti opreme Dobava u garantnom [&hellip;]<\/p>\n","protected":false},"author":1,"featured_media":0,"parent":0,"menu_order":0,"comment_status":"closed","ping_status":"closed","template":"","meta":{"_breakdance_hide_in_design_set":false,"_breakdance_tags":"","footnotes":""},"class_list":["post-446","page","type-page","status-publish","hentry"],"_links":{"self":[{"href":"https:\/\/demo2026.inciner8.hr\/wp\/wp-json\/wp\/v2\/pages\/446","targetHints":{"allow":["GET"]}}],"collection":[{"href":"https:\/\/demo2026.inciner8.hr\/wp\/wp-json\/wp\/v2\/pages"}],"about":[{"href":"https:\/\/demo2026.inciner8.hr\/wp\/wp-json\/wp\/v2\/types\/page"}],"author":[{"embeddable":true,"href":"https:\/\/demo2026.inciner8.hr\/wp\/wp-json\/wp\/v2\/users\/1"}],"replies":[{"embeddable":true,"href":"https:\/\/demo2026.inciner8.hr\/wp\/wp-json\/wp\/v2\/comments?post=446"}],"version-history":[{"count":3,"href":"https:\/\/demo2026.inciner8.hr\/wp\/wp-json\/wp\/v2\/pages\/446\/revisions"}],"predecessor-version":[{"id":454,"href":"https:\/\/demo2026.inciner8.hr\/wp\/wp-json\/wp\/v2\/pages\/446\/revisions\/454"}],"wp:attachment":[{"href":"https:\/\/demo2026.inciner8.hr\/wp\/wp-json\/wp\/v2\/media?parent=446"}],"curies":[{"name":"wp","href":"https:\/\/api.w.org\/{rel}","templated":true}]}}