{"id":357,"date":"2026-01-08T19:48:35","date_gmt":"2026-01-08T19:48:35","guid":{"rendered":"https:\/\/demo2026.inciner8.hr\/wp\/?page_id=357"},"modified":"2026-01-19T23:01:41","modified_gmt":"2026-01-19T23:01:41","slug":"kremacija-ljubimaca","status":"publish","type":"page","link":"https:\/\/demo2026.inciner8.hr\/wp\/kremacija-ljubimaca\/","title":{"rendered":"Kremacija ljubimaca"},"content":{"rendered":"<section class=\"bde-section-357-100 bde-section\">\n  \n  \n\t\n\n\n\n<div class=\"section-container\"><div class=\"bde-div-357-101 bde-div\">\n  \n  \n\t\n\n\n\n<h1 class=\"bde-dual-heading-357-102 bde-dual-heading\">\n\n\n            <span data-style=\"primary\" class=\"dual-heading--primary  \">Rje\u0161enja za<\/span>\n\n            <span data-style=\"secondary\" class=\"dual-heading--secondary  \">kremaciju ku\u0107nih ljubimaca<\/span>\n\n            <span data-style=\"primary\" class=\"dual-heading--primary  \"><\/span>\n\n\n\n<\/h1><div class=\"bde-rich-text-357-270 bde-rich-text breakdance-rich-text-styles\">\n<p><em>Dostojanstven i siguran opro\u0161taj, uz po\u0161tovanje prema \u017eivotinji i vlasniku.<\/em><\/p>\n<\/div><div class=\"bde-text-357-103 bde-text\">\nPouzdana rje\u0161enja za dostojanstvenu kremaciju ku\u0107nih ljubimaca, bilo da se radi o iskusnim operaterima ili novim poduzetnicima u ovom brzo rastu\u0107em sektoru.\n<\/div><div class=\"bde-button-357-104 bde-button\">\n    \n                        \n                        \n    \n    \n    \n    \n            \n                    \n            \n            \n\n    \n    \n    \n    \n    \n    <a class=\"breakdance-link button-atom button-atom--primary bde-button__button\" href=\"https:\/\/breakdancelibrary.com\/electricity\/contact-us\/\" target=\"_self\" data-type=\"url\" rel=\"noopener\">\n\n    \n        <span class=\"button-atom__text\">Zapo\u010dnite projektni upit<\/span>\n\n        \n        \n                <\/a>\n\n    \n\n\n<\/div>\n<\/div><\/div>\n<\/section><section class=\"bde-section-357-105 bde-section\">\n  \n  \n\t\n\n\n\n<div class=\"section-container\"><div class=\"bde-columns-357-260 bde-columns\"><div class=\"bde-column-357-261 bde-column\">\n  \n  \n\t\n\n\n\n<h1 class=\"bde-heading-357-226 bde-heading\">\nDostojanstvena i pouzdana rje\u0161enja za kremaciju ku\u0107nih ljubimaca\n<\/h1><div class=\"bde-text-357-106 bde-text\">\nGubitak ku\u0107nog ljubimca iznimno je emotivan trenutak koji zahtijeva po\u0161tovanje, diskreciju i dostojanstvo.<br><br>Inciner8 nudi pouzdana i profesionalna rje\u0161enja za kremaciju ku\u0107nih ljubimaca, prilago\u0111ena potrebama veterinarskih klinika, krematorija i specijaliziranih ustanova.<br><br>Na\u0161a oprema omogu\u0107uje siguran, kontroliran i zakonski uskla\u0111en proces kremacije, uz fokus na pouzdan rad, jednostavno upravljanje i dugoro\u010dnu eksploataciju. Rje\u0161enja su dostupna u razli\u010ditim kapacitetima i konfiguracijama, kako bi odgovarala manjim veterinarskim praksama, kao i ve\u0107im profesionalnim krematorijima.<br><br>Kroz cijeli proces \u2013 od po\u010detne ideje i savjetovanja, do isporuke, instalacije i dugoro\u010dne tehni\u010dke podr\u0161ke \u2013 stojimo uz na\u0161e partnere kako bismo osigurali sigurno, pouzdano i zakonima uskla\u0111eno rje\u0161enje.\n<\/div>\n<\/div><div class=\"bde-column-357-262 bde-column\">\n  \n  \n\t\n\n\n\n<img decoding=\"async\" class=\"bde-image2-357-263 bde-image2\" src=\"https:\/\/demo2026.inciner8.hr\/wp\/wp-content\/uploads\/2026\/01\/PC_image-768x930.jpg\" loading=\"lazy\" srcset=\"https:\/\/demo2026.inciner8.hr\/wp\/wp-content\/uploads\/2026\/01\/PC_image-768x930.jpg 768w, https:\/\/demo2026.inciner8.hr\/wp\/wp-content\/uploads\/2026\/01\/PC_image-248x300.jpg 248w, https:\/\/demo2026.inciner8.hr\/wp\/wp-content\/uploads\/2026\/01\/PC_image-846x1024.jpg 846w, https:\/\/demo2026.inciner8.hr\/wp\/wp-content\/uploads\/2026\/01\/PC_image-1269x1536.jpg 1269w\" sizes=\"(max-width: 768px) 100vw, 768px\">\n<\/div><\/div><\/div>\n<\/section><section class=\"bde-section-357-227 bde-section\">\n  \n  \n\t\n\n\n\n<div class=\"section-container\"><h1 class=\"bde-heading-357-228 bde-heading\">\nOpis rje\u0161enja\n<\/h1><div class=\"bde-rich-text-357-230 bde-rich-text breakdance-rich-text-styles\">\n<p data-start=\"188\" data-end=\"501\">Ure\u0111aji za kremaciju ku\u0107nih ljubimaca tvrtke <span class=\"hover:entity-accent entity-underline inline cursor-pointer align-baseline\"><span class=\"whitespace-normal\">Inciner8<\/span><\/span> posebno su razvijeni za potrebe sektora kremacije \u017eivotinja. Osmi\u0161ljeni su kako bi omogu\u0107ili jednostavnu, pouzdanu i ergonomsku upotrebu, uz zna\u010dajke koje podr\u017eavaju u\u010dinkovit i nesmetan svakodnevni rad u profesionalnom okru\u017eenju.<\/p>\n<p data-start=\"503\" data-end=\"527\">Na\u0161a rje\u0161enja uklju\u010duju:<\/p>\n<ul data-start=\"529\" data-end=\"928\">\n<li data-start=\"529\" data-end=\"637\">\n<p data-start=\"531\" data-end=\"637\"><strong data-start=\"531\" data-end=\"565\">Razli\u010dite konfiguracije modela<\/strong> \u2014 prilagodljive razli\u010ditim veli\u010dinama ku\u0107nih ljubimaca i obujmu posla<\/p>\n<\/li>\n<li data-start=\"638\" data-end=\"745\">\n<p data-start=\"640\" data-end=\"745\"><strong data-start=\"640\" data-end=\"697\">Oprema s mogu\u0107no\u0161\u0107u individualnih i grupnih kremacija<\/strong> \u2014 ovisno o potrebama korisnika i vrsti usluge<\/p>\n<\/li>\n<li data-start=\"746\" data-end=\"843\">\n<p data-start=\"748\" data-end=\"843\"><strong data-start=\"748\" data-end=\"787\">Otvor za jednostavno va\u0111enje pepela<\/strong> \u2014 dizajniran za siguran i prakti\u010dan zavr\u0161etak procesa<\/p>\n<\/li>\n<li data-start=\"844\" data-end=\"928\">\n<p data-start=\"846\" data-end=\"928\"><strong data-start=\"846\" data-end=\"864\">Dodatnu opremu<\/strong> za pobolj\u0161anje performansi i pro\u0161irenu funkcionalnost sustava<\/p>\n<\/li>\n<\/ul>\n<\/div><\/div>\n<\/section><section class=\"bde-section-357-107 bde-section\">\n  \n  \n\t\n\n\n\n<div class=\"section-container\"><div class=\"bde-text-357-108 bde-text\">\n\n<\/div><h1 class=\"bde-heading-357-109 bde-heading\">\nNa\u0161 proizvodni program\n<\/h1><div class=\"bde-text-357-110 bde-text\">\nSvi proizvodi iz linije rje\u0161enja za \u017eivotinjski i poljoprivredni sektor tvrtke Inciner8 razvijeni su za primjenu u radu sa \u017eivotinjama.<br>Za potrebe kremacije ku\u0107nih ljubimaca preporu\u010dujemo sljede\u0107e modele:\n<\/div><\/div>\n<\/section><section class=\"bde-section-357-111 bde-section\">\n  \n  \n\t\n\n\n\n<div class=\"section-container\"><div class=\"bde-columns-357-112 bde-columns\"><div class=\"bde-column-357-113 bde-column\">\n  \n  \n\t\n\n\n\n<img decoding=\"async\" class=\"bde-image2-357-118 bde-image2\" src=\"https:\/\/demo2026.inciner8.hr\/wp\/wp-content\/uploads\/2026\/01\/I8-55G.jpg\" loading=\"lazy\" srcset=\"https:\/\/demo2026.inciner8.hr\/wp\/wp-content\/uploads\/2026\/01\/I8-55G.jpg 1231w, https:\/\/demo2026.inciner8.hr\/wp\/wp-content\/uploads\/2026\/01\/I8-55G-212x300.jpg 212w, https:\/\/demo2026.inciner8.hr\/wp\/wp-content\/uploads\/2026\/01\/I8-55G-722x1024.jpg 722w, https:\/\/demo2026.inciner8.hr\/wp\/wp-content\/uploads\/2026\/01\/I8-55G-768x1089.jpg 768w, https:\/\/demo2026.inciner8.hr\/wp\/wp-content\/uploads\/2026\/01\/I8-55G-1083x1536.jpg 1083w\" sizes=\"(max-width: 1231px) 100vw, 1231px\">\n<\/div><div class=\"bde-column-357-115 bde-column\">\n  \n  \n\t\n\n\n\n<img decoding=\"async\" class=\"bde-image2-357-231 bde-image2\" src=\"https:\/\/demo2026.inciner8.hr\/wp\/wp-content\/uploads\/2026\/01\/I8-75G.jpg\" loading=\"lazy\" srcset=\"https:\/\/demo2026.inciner8.hr\/wp\/wp-content\/uploads\/2026\/01\/I8-75G.jpg 1231w, https:\/\/demo2026.inciner8.hr\/wp\/wp-content\/uploads\/2026\/01\/I8-75G-212x300.jpg 212w, https:\/\/demo2026.inciner8.hr\/wp\/wp-content\/uploads\/2026\/01\/I8-75G-722x1024.jpg 722w, https:\/\/demo2026.inciner8.hr\/wp\/wp-content\/uploads\/2026\/01\/I8-75G-768x1089.jpg 768w, https:\/\/demo2026.inciner8.hr\/wp\/wp-content\/uploads\/2026\/01\/I8-75G-1083x1536.jpg 1083w\" sizes=\"(max-width: 1231px) 100vw, 1231px\">\n<\/div><div class=\"bde-column-357-117 bde-column\">\n  \n  \n\t\n\n\n\n<img decoding=\"async\" class=\"bde-image2-357-235 bde-image2\" src=\"https:\/\/demo2026.inciner8.hr\/wp\/wp-content\/uploads\/2026\/01\/I8-140G.jpg\" loading=\"lazy\" srcset=\"https:\/\/demo2026.inciner8.hr\/wp\/wp-content\/uploads\/2026\/01\/I8-140G.jpg 1231w, https:\/\/demo2026.inciner8.hr\/wp\/wp-content\/uploads\/2026\/01\/I8-140G-212x300.jpg 212w, https:\/\/demo2026.inciner8.hr\/wp\/wp-content\/uploads\/2026\/01\/I8-140G-722x1024.jpg 722w, https:\/\/demo2026.inciner8.hr\/wp\/wp-content\/uploads\/2026\/01\/I8-140G-768x1089.jpg 768w, https:\/\/demo2026.inciner8.hr\/wp\/wp-content\/uploads\/2026\/01\/I8-140G-1083x1536.jpg 1083w\" sizes=\"(max-width: 1231px) 100vw, 1231px\">\n<\/div><\/div><div class=\"bde-columns-357-121 bde-columns\"><div class=\"bde-column-357-128 bde-column\">\n  \n  \n\t\n\n\n\n<h1 class=\"bde-heading-357-129 bde-heading\">\nModel I8-55A\n<\/h1><div class=\"bde-rich-text-357-130 bde-rich-text breakdance-rich-text-styles\">\n<ul>\n<li>Kapacitet do 40 kg\/sat<\/li>\n<li>Jednostavno kori\u0161tenje<\/li>\n<li>Utovar s gornje strane<\/li>\n<li>Kompaktan dizajn<\/li>\n<li>Otvor za pepeo<\/li>\n<li>Prikladan za manje ljubimce (do srednje velikih psa)<\/li>\n<\/ul>\n<p>\u00a0<\/p>\n<\/div>\n<\/div><div class=\"bde-column-357-232 bde-column\">\n  \n  \n\t\n\n\n\n<h1 class=\"bde-heading-357-233 bde-heading\">\nSpalionica I8-75A\n<\/h1><div class=\"bde-rich-text-357-234 bde-rich-text breakdance-rich-text-styles\">\n<ul>\n<li style=\"text-align: left;\">Kapacitet do 50 kg\/sat<\/li>\n<li style=\"text-align: left;\">Jednostavno kori\u0161tenje<\/li>\n<li style=\"text-align: left;\">Utovar s gornje strane<\/li>\n<li style=\"text-align: left;\">Kompaktan dizajn<\/li>\n<li>Otvor za pepeo<\/li>\n<li>Prikladan za ve\u0107e ljubimce (do velikih pasmina pasa)<\/li>\n<\/ul>\n<p>\u00a0<\/p>\n<\/div>\n<\/div><div class=\"bde-column-357-236 bde-column\">\n  \n  \n\t\n\n\n\n<h1 class=\"bde-heading-357-237 bde-heading\">\nSpalionica I8-140A\n<\/h1><div class=\"bde-rich-text-357-238 bde-rich-text breakdance-rich-text-styles\">\n<ul>\n<li style=\"text-align: left;\">Kapacitet do 100 kg\/sat<\/li>\n<li style=\"text-align: left;\">Jednostavno kori\u0161tenje<\/li>\n<li style=\"text-align: left;\">Utovar s gornje strane<\/li>\n<li style=\"text-align: left;\">Kompaktan dizajn<\/li>\n<li>Otvor za pepeo<\/li>\n<li>Prikladan za ve\u0107e ljubimce<\/li>\n<\/ul>\n<p>\u00a0<\/p>\n<\/div>\n<\/div><\/div><\/div>\n<\/section><section class=\"bde-section-357-197 bde-section\">\n  \n  \n\t\n\n\n\n<div class=\"section-container\"><div class=\"bde-text-357-198 bde-text\">\n\n<\/div><h1 class=\"bde-heading-357-239 bde-heading\">\nPrilagodljiva rje\u0161enja\n<\/h1><div class=\"bde-rich-text-357-271 bde-rich-text breakdance-rich-text-styles\">\n<h5>Rje\u0161enja prilago\u0111ena prostoru, kapacitetu i na\u010dinu rada<\/h5>\n<\/div><div class=\"bde-text-357-200 bde-text\">\nSvi na\u0161i modeli dostupni su u izvedbama na plinsko ili dizelsko gorivo, \u0161to omogu\u0107uje prilagodbu razli\u010ditim operativnim uvjetima i dostupnosti energenata. Kod dizelskog pogona nudimo i integrirane ili vanjske spremnike goriva, kao i kompletne sustave razvoda goriva, prilago\u0111ene zahtjevima instalacije i sigurnosnim standardima. Ovisno o visini prostora u kojem se oprema instalira, mogu\u0107e je osigurati produ\u017eetke dimovodnog sustava.<br><br>Rje\u0161enja su dostupna kao stacionarne izvedbe za ugradnju u postoje\u0107e objekte, kao i mobilne izvedbe, isporu\u010dene na prikolici ili unutar posebno prilago\u0111enog transportnog kontejnera. Dodatno, prema zahtjevima i potrebama korisnika, mo\u017eemo ponuditi i monta\u017ene prostore koji, uz sam ure\u0111aj za kremaciju, mogu uklju\u010divati dodatni radni prostor, spremi\u0161ta i ostale funkcionalne prostorije potrebne za nesmetan rad.<br><br>Uz ure\u0111aje za kremaciju, u ponudi imamo i kremulatore \u2013 specijalizirane ure\u0111aje namijenjene dodatnoj obradi i usitnjavanju pepela, u skladu s profesionalnim standardima usluge.\n<\/div><\/div>\n<\/section><section class=\"bde-section-357-243 bde-section\">\n  \n  \n\t\n\n\n\n<div class=\"section-container\"><div class=\"bde-columns-357-246 bde-columns\"><div class=\"bde-column-357-247 bde-column\">\n  \n  \n\t\n\n\n\n<img decoding=\"async\" class=\"bde-image2-357-249 bde-image2\" src=\"https:\/\/demo2026.inciner8.hr\/wp\/wp-content\/uploads\/2026\/01\/cremulator-1.jpg\" loading=\"lazy\" srcset=\"https:\/\/demo2026.inciner8.hr\/wp\/wp-content\/uploads\/2026\/01\/cremulator-1.jpg 963w, https:\/\/demo2026.inciner8.hr\/wp\/wp-content\/uploads\/2026\/01\/cremulator-1-300x274.jpg 300w, https:\/\/demo2026.inciner8.hr\/wp\/wp-content\/uploads\/2026\/01\/cremulator-1-768x703.jpg 768w\" sizes=\"(max-width: 963px) 100vw, 963px\">\n<\/div><div class=\"bde-column-357-248 bde-column\">\n  \n  \n\t\n\n\n\n<img decoding=\"async\" class=\"bde-image2-357-250 bde-image2\" src=\"https:\/\/demo2026.inciner8.hr\/wp\/wp-content\/uploads\/2026\/01\/loading-trolley-1.jpg\" loading=\"lazy\" srcset=\"https:\/\/demo2026.inciner8.hr\/wp\/wp-content\/uploads\/2026\/01\/loading-trolley-1.jpg 963w, https:\/\/demo2026.inciner8.hr\/wp\/wp-content\/uploads\/2026\/01\/loading-trolley-1-300x274.jpg 300w, https:\/\/demo2026.inciner8.hr\/wp\/wp-content\/uploads\/2026\/01\/loading-trolley-1-768x703.jpg 768w\" sizes=\"(max-width: 963px) 100vw, 963px\">\n<\/div><\/div><div class=\"bde-columns-357-251 bde-columns\"><div class=\"bde-column-357-252 bde-column\">\n  \n  \n\t\n\n\n\n<h1 class=\"bde-heading-357-256 bde-heading\">\nI8-CR2 Kremulator\n<\/h1><div class=\"bde-text-357-258 bde-text\">\ni8-CR2 je kremulator srednje veli\u010dine, opremljen ve\u0107om posudom za punjenje i sna\u017enijim motorom, \u0161to ga \u010dini pouzdanim rje\u0161enjem za svakodnevnu profesionalnu primjenu.<br>Jednostavan je za kori\u0161tenje i odr\u017eavanje te uklju\u010duje napredne sigurnosne zna\u010dajke. Kompatibilan je sa svim na\u0161im rje\u0161enjima za kremaciju ku\u0107nih ljubimaca i prikladan za ve\u0107inu malih i srednje velikih operacija.\n<\/div>\n<\/div><div class=\"bde-column-357-254 bde-column\">\n  \n  \n\t\n\n\n\n<h1 class=\"bde-heading-357-257 bde-heading\">\nI8-CT1 Transportna kolica\n<\/h1><div class=\"bde-text-357-259 bde-text\">\ni8-CT1 transportna kolica razvijena su za jednostavno, sigurno i ergonomi\u010dno rukovanje ku\u0107nim ljubimcima tijekom pripreme za kremaciju. Podesiva visina omogu\u0107uje lako podizanje i spu\u0161tanje, prilago\u0111eno radnom procesu.<br>Kolica imaju maksimalnu nosivost od 220 kg te su standardno opremljena kliza\u010dima za vrata i sigurnosnim trakama.\n<\/div>\n<\/div><\/div><\/div>\n<\/section><section class=\"bde-section-357-202 bde-section\">\n  \n  \n\t\n\n\n\n<div class=\"section-container\"><div class=\"bde-columns-357-203 bde-columns\"><div class=\"bde-column-357-204 bde-column\">\n  \n  \n\t\n\n\n\n<h1 class=\"bde-heading-357-205 bde-heading\">\nZa\u0161to odabrati Inciner8 rje\u0161enja\n<\/h1><div class=\"bde-rich-text-357-206 bde-rich-text breakdance-rich-text-styles\">\n<ul>\n<li><strong>Posebno dizajnirano za kremaciju ku\u0107nih ljubimaca:<\/strong> Rje\u0161enja koja su nastala iz iskustva u industriji i prilago\u0111ena potrebama korisnika.<\/li>\n<li><strong>Pouzdanost i dugotrajnost:<\/strong> Proizvedene po visokim standardima kvalitete, uz opse\u017enu podr\u0161ku servisa i odr\u017eavanja.<\/li>\n<li><strong>Jednostavna uporaba:<\/strong> Dizajn fokusiran na operatera i svakodnevne operacije.<\/li>\n<li><strong>Modeli za razli\u010dite potrebe:<\/strong> Od manjih jedinica za veterinare do modela koji podr\u017eavaju komercijalne krematorije.<\/li>\n<li><strong data-start=\"86\" data-end=\"127\">Cjelovita podr\u0161ka kroz cijeli proces:<\/strong> Uz opremu pru\u017eamo stru\u010dnu podr\u0161ku od savjetovanja i planiranja, preko instalacije i edukacije, do dugoro\u010dne tehni\u010dke podr\u0161ke za siguran i pouzdan rad.<\/li>\n<\/ul>\n<p>\u00a0<\/p>\n<pre>\u00a0<\/pre>\n<\/div><h1 class=\"bde-heading-357-240 bde-heading\">\nZakonska regulativa i uskla\u0111enost\n<\/h1><div class=\"bde-rich-text-357-241 bde-rich-text breakdance-rich-text-styles\">\n<p data-start=\"178\" data-end=\"528\">Djelatnost kremacije ku\u0107nih ljubimaca u Europskoj uniji regulirana je propisima koji ure\u0111uju postupanje s nusproizvodima \u017eivotinjskog podrijetla. Na razini EU primjenjuje se <strong data-start=\"352\" data-end=\"371\">ABPR regulativa<\/strong> (Animal By-Products Regulation), koja definira uvjete obrade, tehni\u010dke zahtjeve i standarde sigurnosti s ciljem za\u0161tite zdravlja ljudi, \u017eivotinja i okoli\u0161a.<br \/>U Republici Hrvatskoj navedeni zahtjevi dodatno su ure\u0111eni <strong data-start=\"589\" data-end=\"658\">Pravilnikom o postupanju s nusproizvodima \u017eivotinjskog podrijetla<\/strong>, koji propisuje na\u010din rukovanja, obrade i nadzora nad ovakvim aktivnostima.<br \/>Objekte i djelatnosti povezane s kremacijom ku\u0107nih ljubimaca odobrava <strong data-start=\"806\" data-end=\"847\"><span class=\"hover:entity-accent entity-underline inline cursor-pointer align-baseline\"><span class=\"whitespace-normal\">Uprava za veterinarstvo i sigurnost hrane<\/span><\/span><\/strong> pri Ministarstvu poljoprivrede. Odobrenje se izdaje na temelju ispunjavanja tehni\u010dkih, prostornih i operativnih uvjeta, kao i uskla\u0111enosti s va\u017ee\u0107im zakonskim okvirom.<br \/>Na\u0161im korisnicima pru\u017eamo podr\u0161ku u razumijevanju i primjeni relevantnih propisa, kako bi proces uspostave i rada krematorija bio u potpunosti uskla\u0111en s va\u017ee\u0107im zakonodavstvom.<\/p>\n<p>\u00a0<\/p>\n<pre>\u00a0<\/pre>\n<\/div>\n<\/div><div class=\"bde-column-357-207 bde-column\">\n  \n  \n\t\n\n\n\n<img decoding=\"async\" class=\"bde-image2-357-208 bde-image2\" src=\"https:\/\/demo2026.inciner8.hr\/wp\/wp-content\/uploads\/2026\/01\/I8-75APetCrem.jpg\" loading=\"lazy\" srcset=\"https:\/\/demo2026.inciner8.hr\/wp\/wp-content\/uploads\/2026\/01\/I8-75APetCrem.jpg 1200w, https:\/\/demo2026.inciner8.hr\/wp\/wp-content\/uploads\/2026\/01\/I8-75APetCrem-225x300.jpg 225w, https:\/\/demo2026.inciner8.hr\/wp\/wp-content\/uploads\/2026\/01\/I8-75APetCrem-768x1024.jpg 768w, https:\/\/demo2026.inciner8.hr\/wp\/wp-content\/uploads\/2026\/01\/I8-75APetCrem-1152x1536.jpg 1152w\" sizes=\"(max-width: 1200px) 100vw, 1200px\">\n<\/div><\/div><\/div>\n<\/section><section class=\"bde-section-357-209 bde-section\">\n  \n  \n\t\n\n\n\n<div class=\"section-container\"><h1 class=\"bde-dual-heading-357-210 bde-dual-heading\">\n\n\n            <span data-style=\"secondary\" class=\"dual-heading--secondary  js-annotate\">Kako vam mo\u017eemo pomo\u0107i?<\/span>\n\n\n\n<\/h1><div class=\"bde-columns-357-211 bde-columns\"><div class=\"bde-column-357-212 bde-column\">\n  \n  \n\t\n\n\n\n<h1 class=\"bde-heading-357-213 bde-heading\">\nSavjetovanje pri odabiru lokacije i prostora\n<\/h1><div class=\"bde-text-357-214 bde-text\">\nPoma\u017eemo vam u odabiru odgovaraju\u0107e lokacije i prostornog rje\u0161enja za instalaciju opreme za kremaciju ku\u0107nih ljubimaca. Na\u0161e savjetovanje obuhva\u0107a procjenu tehni\u010dkih, prostorno-funkcionalnih i operativnih uvjeta, kako bi rje\u0161enje bilo prilago\u0111eno va\u0161em na\u010dinu rada i dugoro\u010dnim potrebama.<br>U slu\u010daju potrebe, nudimo i mogu\u0107nost isporuke monta\u017enog prostora, posebno prilago\u0111enog instalaciji opreme, koji mo\u017ee uklju\u010divati dodatne radne i pomo\u0107ne prostorije, omogu\u0107uju\u0107i brzo i funkcionalno pokretanje usluge.\n<\/div>\n<\/div><div class=\"bde-column-357-215 bde-column\">\n  \n  \n\t\n\n\n\n<h1 class=\"bde-heading-357-216 bde-heading\">\nSavjetovanje pri odabiru modela i konfiguracije opreme\n<\/h1><div class=\"bde-text-357-217 bde-text\">\nNa temelju planiranog obujma rada, vrste usluge i operativnih zahtjeva, pru\u017eamo stru\u010dno savjetovanje pri odabiru odgovaraju\u0107eg modela ure\u0111aja za kremaciju, njegove konfiguracije i dodatne opreme.<br>Na\u0161 cilj je osigurati rje\u0161enje koje optimalno odgovara va\u0161im potrebama \u2014 bilo da se radi o manjim veterinarskim praksama ili profesionalnim krematorijima \u2014 uz mogu\u0107nost budu\u0107e prilagodbe i pro\u0161irenja sustava.\n<\/div>\n<\/div><\/div><div class=\"bde-columns-357-218 bde-columns\"><div class=\"bde-column-357-219 bde-column\">\n  \n  \n\t\n\n\n\n<h1 class=\"bde-heading-357-220 bde-heading\">\nSavjetovanje o zakonskoj regulativi i procesu odobravanja\n<\/h1><div class=\"bde-text-357-221 bde-text\">\nKorisnicima pru\u017eamo podr\u0161ku u razumijevanju va\u017ee\u0107e zakonske i regulatorne regulative povezane s djelatno\u0161\u0107u kremacije ku\u0107nih ljubimaca. Savjetujemo vas o primjenjivim propisima te vas pratimo kroz proces isho\u0111enja potrebnih odobrenja.<br>Na taj na\u010din poma\u017eemo osigurati da uspostava i rad krematorija budu u potpunosti uskla\u0111eni s nacionalnim i europskim zahtjevima, uz jasno definirane korake i smanjeno administrativno optere\u0107enje.\n<\/div>\n<\/div><div class=\"bde-column-357-222 bde-column\">\n  \n  \n\t\n\n\n\n<h1 class=\"bde-heading-357-223 bde-heading\">\nInstalacija, edukacija i tehni\u010dka podr\u0161ka\n<\/h1><div class=\"bde-text-357-224 bde-text\">\nOsiguravamo stru\u010dnu instalaciju opreme i nadzor pu\u0161tanja sustava u rad, \u010dime se jam\u010di siguran i pouzdan po\u010detak rada. Nakon instalacije provodimo edukaciju korisnika, prilago\u0111enu svakodnevnoj upotrebi i operativnim potrebama.<br>Tijekom redovne uporabe pru\u017eamo kontinuiranu tehni\u010dku podr\u0161ku i servis, kako bi oprema radila pouzdano, u\u010dinkovito i uz minimalne zastoje, osiguravaju\u0107i dugoro\u010dnu sigurnost i stabilnost poslovanja.\n<\/div>\n<\/div><\/div><h1 class=\"bde-dual-heading-357-225 bde-dual-heading\">\n\n\n            <span data-style=\"primary\" class=\"dual-heading--primary  \">Dostojanstvena rje\u0161enja za kremaciju<\/span>\n\n            <span data-style=\"secondary\" class=\"dual-heading--secondary  js-annotate\">\u2013 podr\u0161ka s povjerenjem.<\/span>\n\n\n\n<\/h1><\/div>\n<\/section>","protected":false},"excerpt":{"rendered":"<p>Rje\u0161enja za kremaciju ku\u0107nih ljubimaca Dostojanstven i siguran opro\u0161taj, uz po\u0161tovanje prema \u017eivotinji i vlasniku. Pouzdana rje\u0161enja za dostojanstvenu kremaciju ku\u0107nih ljubimaca, bilo da se radi o iskusnim operaterima ili novim poduzetnicima u ovom brzo rastu\u0107em sektoru. Zapo\u010dnite projektni upit Dostojanstvena i pouzdana rje\u0161enja za kremaciju ku\u0107nih ljubimaca Gubitak ku\u0107nog ljubimca iznimno je emotivan trenutak [&hellip;]<\/p>\n","protected":false},"author":1,"featured_media":0,"parent":0,"menu_order":0,"comment_status":"closed","ping_status":"closed","template":"","meta":{"_breakdance_hide_in_design_set":false,"_breakdance_tags":"","footnotes":""},"class_list":["post-357","page","type-page","status-publish","hentry"],"_links":{"self":[{"href":"https:\/\/demo2026.inciner8.hr\/wp\/wp-json\/wp\/v2\/pages\/357","targetHints":{"allow":["GET"]}}],"collection":[{"href":"https:\/\/demo2026.inciner8.hr\/wp\/wp-json\/wp\/v2\/pages"}],"about":[{"href":"https:\/\/demo2026.inciner8.hr\/wp\/wp-json\/wp\/v2\/types\/page"}],"author":[{"embeddable":true,"href":"https:\/\/demo2026.inciner8.hr\/wp\/wp-json\/wp\/v2\/users\/1"}],"replies":[{"embeddable":true,"href":"https:\/\/demo2026.inciner8.hr\/wp\/wp-json\/wp\/v2\/comments?post=357"}],"version-history":[{"count":12,"href":"https:\/\/demo2026.inciner8.hr\/wp\/wp-json\/wp\/v2\/pages\/357\/revisions"}],"predecessor-version":[{"id":717,"href":"https:\/\/demo2026.inciner8.hr\/wp\/wp-json\/wp\/v2\/pages\/357\/revisions\/717"}],"wp:attachment":[{"href":"https:\/\/demo2026.inciner8.hr\/wp\/wp-json\/wp\/v2\/media?parent=357"}],"curies":[{"name":"wp","href":"https:\/\/api.w.org\/{rel}","templated":true}]}}