{"id":24,"date":"2025-12-30T16:54:18","date_gmt":"2025-12-30T16:54:18","guid":{"rendered":"https:\/\/demo2026.inciner8.hr\/wp\/home\/"},"modified":"2026-01-22T21:43:04","modified_gmt":"2026-01-22T21:43:04","slug":"home","status":"publish","type":"page","link":"https:\/\/demo2026.inciner8.hr\/wp\/","title":{"rendered":"Home"},"content":{"rendered":"<section class=\"bde-section-24-458 bde-section\">\n  \n  \n\t\n\n\n\n<div class=\"section-container\"><div class=\"bde-div-24-459 bde-div\">\n  \n  \n\t\n\n\n\n<div class=\"bde-div-24-463 bde-div\">\n  \n  \n\t\n\n\n\n<div class=\"bde-text-24-464 bde-text\">\nInciner8 - Lider u razvoju i implementaciji rje\u0161enja za zbrinjavanje otpada\n<\/div><h1 class=\"bde-dual-heading-24-465 bde-dual-heading\">\n\n\n            <span data-style=\"primary\" class=\"dual-heading--primary  \">Industrijska rje\u0161enja za<\/span>\n\n            <span data-style=\"secondary\" class=\"dual-heading--secondary  \">Termi\u010dku obradu otpada<\/span>\n\n\n\n<\/h1><div class=\"bde-button-24-466 bde-button\">\n    \n                        \n                        \n    \n    \n    \n    \n            \n                    \n            \n            \n\n    \n    \n    \n    \n    \n    <a class=\"breakdance-link button-atom button-atom--primary bde-button__button\" href=\"https:\/\/demo2026.inciner8.hr\/wp\/contact-us\/#kontakt-forma\" target=\"_self\" data-type=\"url\"  >\n\n    \n        <span class=\"button-atom__text\">Zapo\u010dnite projektni upit<\/span>\n\n        \n        \n                <\/a>\n\n    \n\n\n<\/div>\n<\/div>\n<\/div><\/div>\n<\/section><section class=\"bde-section-24-110 bde-section\">\n  \n  \n\t\n\n\n\n<div class=\"section-container\"><div class=\"bde-div-24-468 bde-div\">\n  \n  \n\t\n\n\n\n<div class=\"bde-columns-24-470 bde-columns\"><div class=\"bde-column-24-471 bde-column\">\n  \n  \n\t\n\n\n\n<img decoding=\"async\" class=\"bde-image2-24-475 bde-image2\" src=\"https:\/\/demo2026.inciner8.hr\/wp\/wp-content\/uploads\/2026\/01\/Ikona-Animalni-Otpad.jpg\" loading=\"lazy\" srcset=\"https:\/\/demo2026.inciner8.hr\/wp\/wp-content\/uploads\/2026\/01\/Ikona-Animalni-Otpad.jpg 197w, https:\/\/demo2026.inciner8.hr\/wp\/wp-content\/uploads\/2026\/01\/Ikona-Animalni-Otpad-150x150.jpg 150w\" sizes=\"(max-width: 197px) 100vw, 197px\">\n<\/div><div class=\"bde-column-24-472 bde-column\">\n  \n  \n\t\n\n\n\n<img decoding=\"async\" class=\"bde-image2-24-476 bde-image2\" src=\"https:\/\/demo2026.inciner8.hr\/wp\/wp-content\/uploads\/2026\/01\/Ikona-Medicinski-Otpad.jpg\" loading=\"lazy\" srcset=\"https:\/\/demo2026.inciner8.hr\/wp\/wp-content\/uploads\/2026\/01\/Ikona-Medicinski-Otpad.jpg 197w, https:\/\/demo2026.inciner8.hr\/wp\/wp-content\/uploads\/2026\/01\/Ikona-Medicinski-Otpad-150x150.jpg 150w\" sizes=\"(max-width: 197px) 100vw, 197px\">\n<\/div><div class=\"bde-column-24-473 bde-column\">\n  \n  \n\t\n\n\n\n<img decoding=\"async\" class=\"bde-image2-24-477 bde-image2\" src=\"https:\/\/demo2026.inciner8.hr\/wp\/wp-content\/uploads\/2026\/01\/Ikona-Industrijski-Otpad.jpg\" loading=\"lazy\" srcset=\"https:\/\/demo2026.inciner8.hr\/wp\/wp-content\/uploads\/2026\/01\/Ikona-Industrijski-Otpad.jpg 197w, https:\/\/demo2026.inciner8.hr\/wp\/wp-content\/uploads\/2026\/01\/Ikona-Industrijski-Otpad-150x150.jpg 150w\" sizes=\"(max-width: 197px) 100vw, 197px\">\n<\/div><div class=\"bde-column-24-474 bde-column\">\n  \n  \n\t\n\n\n\n<img decoding=\"async\" class=\"bde-image2-24-478 bde-image2\" src=\"https:\/\/demo2026.inciner8.hr\/wp\/wp-content\/uploads\/2026\/01\/Ikona-Kremacija-Ljubimaca.jpg\" loading=\"lazy\" srcset=\"https:\/\/demo2026.inciner8.hr\/wp\/wp-content\/uploads\/2026\/01\/Ikona-Kremacija-Ljubimaca.jpg 197w, https:\/\/demo2026.inciner8.hr\/wp\/wp-content\/uploads\/2026\/01\/Ikona-Kremacija-Ljubimaca-150x150.jpg 150w\" sizes=\"(max-width: 197px) 100vw, 197px\">\n<\/div><\/div><div class=\"bde-columns-24-493 bde-columns\"><div class=\"bde-column-24-494 bde-column\">\n  \n  \n\t\n\n\n\n<div class=\"bde-text-24-502 bde-text\">\nSpalionice otpada<br>\u017eivotinjskog porijekla<br>\n<\/div>\n<\/div><div class=\"bde-column-24-496 bde-column\">\n  \n  \n\t\n\n\n\n<div class=\"bde-text-24-503 bde-text\">\nSpalionice medicinskog<br>i infektivnog otpada<br>\n<\/div>\n<\/div><div class=\"bde-column-24-498 bde-column\">\n  \n  \n\t\n\n\n\n<div class=\"bde-text-24-504 bde-text\">\nSpalionice industrijskog<br>i komunalnog otpada\n<\/div>\n<\/div><div class=\"bde-column-24-500 bde-column\">\n  \n  \n\t\n\n\n\n<div class=\"bde-text-24-505 bde-text\">\nUre\u0111aji za kremaciju<br>ku\u0107nih ljubimaca\n<\/div>\n<\/div><\/div>\n<\/div><h2 class=\"bde-heading-24-511 bde-heading\">\nIndustrijske spalionice otpada za razli\u010dite sektore<br>\n<\/h2><\/div>\n<\/section><section class=\"bde-section-24-279 bde-section\">\n  \n  \n\t\n\n\n\n<div class=\"section-container\"><div class=\"bde-columns-24-335 bde-columns\"><div class=\"bde-column-24-336 bde-column\">\n  \n  \n\t\n\n\n\n<div class=\"bde-text-24-344 bde-text\">\nPouzdana rje\u0161enja, gdje god su potrebna<br>\n<\/div>\n<\/div><div class=\"bde-column-24-338 bde-column\">\n  \n  \n\t\n\n\n\n<div class=\"bde-text-24-348 bde-text\">\n\n<\/div><div class=\"bde-text-24-352 bde-text\">\nBrza isporuka i implementacija<br>\n<\/div>\n<\/div><div class=\"bde-column-24-345 bde-column\">\n  \n  \n\t\n\n\n\n<div class=\"bde-text-24-349 bde-text\">\nTehnologija s fokusom na okoli\u0161<br>\n<\/div>\n<\/div><div class=\"bde-column-24-346 bde-column\">\n  \n  \n\t\n\n\n\n<div class=\"bde-text-24-350 bde-text\">\nRje\u0161enja prilago\u0111ena razli\u010ditim sektorima<br>\n<\/div>\n<\/div><div class=\"bde-column-24-347 bde-column\">\n  \n  \n\t\n\n\n\n<div class=\"bde-text-24-351 bde-text\">\nPodr\u0161ka koja traje<br>\n<\/div>\n<\/div><\/div><div class=\"bde-columns-24-353 bde-columns\"><div class=\"bde-column-24-354 bde-column\">\n  \n  \n\t\n\n\n\n<div class=\"bde-text-24-355 bde-text\">\nNa\u0161a postrojenja rade u najzahtjevnijim uvjetima \u2013 od udaljenih lokacija do kriti\u010dnih infrastrukturnih sustava.<br>\n<\/div>\n<\/div><div class=\"bde-column-24-356 bde-column\">\n  \n  \n\t\n\n\n\n<div class=\"bde-text-24-357 bde-text\">\n\n<\/div><div class=\"bde-text-24-358 bde-text\">\nZahvaljuju\u0107i modularnom dizajnu i dostupnosti opreme, brzo odgovaramo na hitne potrebe.<br>\n<\/div>\n<\/div><div class=\"bde-column-24-359 bde-column\">\n  \n  \n\t\n\n\n\n<div class=\"bde-text-24-360 bde-text\">\nSva rje\u0161enja razvijena su u skladu s va\u017ee\u0107im propisima, uz visoku razinu kontrole emisija.<br>\n<\/div>\n<\/div><div class=\"bde-column-24-361 bde-column\">\n  \n  \n\t\n\n\n\n<div class=\"bde-text-24-362 bde-text\">\nMedicinski, animalni, komunalni i industrijski otpad \u2013 svaki sustav prilago\u0111en je stvarnim potrebama korisnika.<br>\n<\/div>\n<\/div><div class=\"bde-column-24-363 bde-column\">\n  \n  \n\t\n\n\n\n<div class=\"bde-text-24-364 bde-text\">\nOsiguravamo tehni\u010dku stru\u010dnu podr\u0161ku prilikom implementacije opreme, kao i  nakon isporuke.<br>\n<\/div>\n<\/div><\/div><\/div>\n<\/section><section class=\"bde-section-24-122 bde-section\">\n  \n  \n\t\n\n\n\n        <div class=\"section-shape-divider-wrapper section-shape-divider-wrapper--1\">\n          <span class=\"section-shape-divider\">\n                      <svg\n                xmlns=\"http:\/\/www.w3.org\/2000\/svg\"\n                viewBox=\"0 0 1440 320\"\n                preserveAspectRatio=\"none\"\n            >\n              \n            <\/svg>\n                    <\/span>\n      <\/div>\n  <div class=\"section-container\"><div class=\"bde-fancy-divider-24-509 bde-fancy-divider\">\n\n\n<div class=\"bde-fancy-divider__wrapper\">\n  <div class=\"bde-fancy-divider__separator has-content  \">\n  \t    \t    \t          <h1 class=\"bde-fancy-divider__content bde-fancy-divider__content--text\">\n          Sigurna i pouzdana rje\u0161enja za odgovorno zbrinjavanje otpada\n          <\/h1>\n    \t      <\/div>\n<\/div>\n\n<\/div><div class=\"bde-columns-24-123 bde-columns\"><div class=\"bde-column-24-125 bde-column\">\n  \n  \n\t\n\n\n\n<h2 class=\"bde-dual-heading-24-128 bde-dual-heading\">\n\n\n            <span data-style=\"primary\" class=\"dual-heading--primary  \">Za\u0161to Inciner8 ?<\/span>\n\n\n\n<\/h2><div class=\"bde-rich-text-24-506 bde-rich-text breakdance-rich-text-styles\">\n<p><strong>Vi\u0161e od 20 godina iskustva u industrijskim rje\u0161enjima za zbrinjavanje otpada<\/strong><\/p>\n<p><strong>Inciner8<\/strong> je me\u0111unarodno priznata tvrtka specijalizirana za razvoj, proizvodnju i implementaciju naprednih rje\u0161enja za termi\u010dku obradu otpada. Na\u0161a oprema koristi se u industrijskim, medicinskim, komunalnim i specijaliziranim primjenama diljem svijeta, gdje su pouzdanost, sigurnost i dugoro\u010dna u\u010dinkovitost klju\u010dni kriteriji.<\/p>\n<p><strong>\u2714 Dugoro\u010dna operativna u\u010dinkovitost<\/strong><\/p>\n<p>Na\u0161a rje\u0161enja razvijena su s naglaskom na <strong>ni\u017ei ukupni tro\u0161ak vlasni\u0161tva kroz cijeli \u017eivotni vijek sustava<\/strong>, koji se ostvaruje kroz:<\/p>\n<ul>\n<li>optimizirane operativne tro\u0161kove<\/li>\n<li>manju potrebu za odr\u017eavanjem<\/li>\n<li>dugotrajan i stabilan rad<\/li>\n<li>smanjene zastoje u svakodnevnoj eksploataciji<\/li>\n<\/ul>\n<p><strong>\u2714 Dokazana tehnologija i trajnost sustava<\/strong><\/p>\n<p>Svaki Inciner8 sustav projektiran je za dugotrajan rad u zahtjevnim uvjetima. Robusna konstrukcija, kvalitetni materijali i provjerena tehnologija osiguravaju pouzdanost kroz godine uporabe.<\/p>\n<p>\u00a0<\/p>\n<\/div>\n<\/div><div class=\"bde-column-24-124 bde-column\">\n  \n  \n\t\n\n\n\n<img decoding=\"async\" class=\"bde-image2-24-274 bde-image2\" src=\"https:\/\/demo2026.inciner8.hr\/wp\/wp-content\/uploads\/2025\/12\/whyI8.jpg\" alt=\"Industrijske spalionice otpada \u2013 Inciner8 Europe&lt;br&gt;\" loading=\"lazy\" srcset=\"https:\/\/demo2026.inciner8.hr\/wp\/wp-content\/uploads\/2025\/12\/whyI8.jpg 1895w, https:\/\/demo2026.inciner8.hr\/wp\/wp-content\/uploads\/2025\/12\/whyI8-300x274.jpg 300w, https:\/\/demo2026.inciner8.hr\/wp\/wp-content\/uploads\/2025\/12\/whyI8-1024x935.jpg 1024w, https:\/\/demo2026.inciner8.hr\/wp\/wp-content\/uploads\/2025\/12\/whyI8-768x702.jpg 768w, https:\/\/demo2026.inciner8.hr\/wp\/wp-content\/uploads\/2025\/12\/whyI8-1536x1403.jpg 1536w\" sizes=\"(max-width: 1895px) 100vw, 1895px\">\n<\/div><\/div><div class=\"bde-rich-text-24-507 bde-rich-text breakdance-rich-text-styles\">\n<p><strong>\u2714 Partnerstvo kroz cijeli proces \u2013 od analize do dugoro\u010dnog rada<\/strong><\/p>\n<p>Svaki projekt zapo\u010dinjemo temeljitim razumijevanjem stvarnih potreba klijenta. Kroz otvorenu komunikaciju i stru\u010dni pristup, klijente vodimo kroz cijeli proces \u2013 od inicijalne analize i savjetovanja, preko definiranja tehni\u010dkih rje\u0161enja, pa sve do implementacije i dugoro\u010dne podr\u0161ke.<\/p>\n<p>Na\u0161 fokus nije isklju\u010divo na isporuci opreme, ve\u0107 na <strong>pronala\u017eenju rje\u0161enja koje ima smisla u stvarnim operativnim uvjetima<\/strong>, uz jasno sagledavanje tehni\u010dkih, regulatornih i organizacijskih aspekata.<\/p>\n<p><strong>Takav pristup primjenjujemo jednako, bez obzira radi li se o manjim, jednostavnijim sustavima ili o slo\u017eenim industrijskim postrojenjima.<\/strong><\/p>\n<p><strong>\u2714 Stabilan rad i jednostavno upravljanje<\/strong><\/p>\n<p>Na\u0161a rje\u0161enja omogu\u0107uju:<\/p>\n<ul>\n<li>predvidive radne parametre<\/li>\n<li>u\u010dinkovitu potro\u0161nju energije<\/li>\n<li>jednostavno upravljanje i nadzor<\/li>\n<\/ul>\n<p>Time se osigurava kontinuitet rada i pouzdanost sustava u svakodnevnoj eksploataciji.<\/p>\n<p><strong>\u2714 Uskla\u0111enost s propisima i odgovoran odnos prema okoli\u0161u<\/strong><\/p>\n<p>Na\u0161e tehnologije razvijene su u skladu s va\u017ee\u0107im ekolo\u0161kim i sigurnosnim standardima, uz poseban naglasak na kontrolu emisija, energetsku u\u010dinkovitost i odr\u017eivost sustava.<\/p>\n<p><strong>\u2714 Globalno iskustvo, lokalna prisutnost<\/strong><\/p>\n<p>Kao regionalni predstavnik <strong>Inciner8 Europe<\/strong>, osiguravamo brzu komunikaciju, tehni\u010dku podr\u0161ku i kontinuitet suradnje tijekom cijelog \u017eivotnog vijeka sustava.<\/p>\n<\/div><div class=\"bde-button-24-133 bde-button\">\n    \n                        \n                        \n    \n    \n    \n    \n            \n                    \n            \n            \n\n    \n    \n    \n    \n    \n    <a class=\"breakdance-link button-atom button-atom--primary bde-button__button\" href=\"https:\/\/demo2026.inciner8.hr\/wp\/about-us\/\" target=\"_self\" data-type=\"url\"  >\n\n    \n        <span class=\"button-atom__text\">Saznajte vi\u0161e<\/span>\n\n                            \n        \n                <\/a>\n\n    \n\n\n<\/div><div class=\"bde-div-24-134 bde-div\">\n              \n  \n  \n\t\n\n\n\n<div class=\"bde-div-24-135 bde-div\">\n  \n  \n\t\n\n\n\n<h2 class=\"bde-dual-heading-24-136 bde-dual-heading\">\n\n\n            <span data-style=\"primary\" class=\"dual-heading--primary  \">Kompletna usluga<\/span>\n\n\n\n<\/h2><div class=\"bde-text-24-137 bde-text\">\nProces zapo\u010dinjemo analizom otpada (auditom) i razumijevanjem va\u0161ih operativnih i zakonskih zahtjeva. Na temelju dobivenih podataka predla\u017eemo optimalno tehni\u010dko i ekonomsko rje\u0161enje, te vas pratimo kroz cijeli proces \u2013 od odabira sustava do dobave, implementacije, edukacije i pu\u0161tanja u rad.\n<\/div>\n<\/div><div class=\"bde-button-24-138 bde-button\">\n    \n                        \n                        \n    \n    \n    \n    \n            \n                    \n            \n            \n\n    \n    \n    \n    \n    \n    <a class=\"breakdance-link button-atom button-atom--secondary bde-button__button\" href=\"https:\/\/demo2026.inciner8.hr\/wp\/contact-us\/#kontakt-forma\" target=\"_self\" data-type=\"url\"  >\n\n    \n        <span class=\"button-atom__text\">Kontaktirajte nas bez obaveza<\/span>\n\n        \n        \n                <\/a>\n\n    \n\n\n<\/div>\n<\/div><div class=\"bde-columns-24-139 bde-columns\"><div class=\"bde-column-24-140 bde-column\">\n  \n  \n\t\n\n\n\n<img decoding=\"async\" class=\"bde-image2-24-275 bde-image2\" src=\"https:\/\/demo2026.inciner8.hr\/wp\/wp-content\/uploads\/2025\/12\/audit.jpg\" loading=\"lazy\" srcset=\"https:\/\/demo2026.inciner8.hr\/wp\/wp-content\/uploads\/2025\/12\/audit.jpg 1309w, https:\/\/demo2026.inciner8.hr\/wp\/wp-content\/uploads\/2025\/12\/audit-300x233.jpg 300w, https:\/\/demo2026.inciner8.hr\/wp\/wp-content\/uploads\/2025\/12\/audit-1024x795.jpg 1024w, https:\/\/demo2026.inciner8.hr\/wp\/wp-content\/uploads\/2025\/12\/audit-768x596.jpg 768w\" sizes=\"(max-width: 1309px) 100vw, 1309px\"><h4 class=\"bde-heading-24-146 bde-heading\">\nAudit i analiza potreba\n<\/h4><div class=\"bde-text-24-147 bde-text\">\nAnaliziramo vrste i koli\u010dine otpada, operativne procese i regulatorne zahtjeve kako bismo razumjeli stvarne potrebe va\u0161eg projekta.\n<\/div>\n<\/div><div class=\"bde-column-24-141 bde-column\">\n  \n  \n\t\n\n\n\n<img decoding=\"async\" class=\"bde-image2-24-276 bde-image2\" src=\"https:\/\/demo2026.inciner8.hr\/wp\/wp-content\/uploads\/2025\/12\/savjetovanje.jpg\" loading=\"lazy\" srcset=\"https:\/\/demo2026.inciner8.hr\/wp\/wp-content\/uploads\/2025\/12\/savjetovanje.jpg 1309w, https:\/\/demo2026.inciner8.hr\/wp\/wp-content\/uploads\/2025\/12\/savjetovanje-300x233.jpg 300w, https:\/\/demo2026.inciner8.hr\/wp\/wp-content\/uploads\/2025\/12\/savjetovanje-1024x795.jpg 1024w, https:\/\/demo2026.inciner8.hr\/wp\/wp-content\/uploads\/2025\/12\/savjetovanje-768x596.jpg 768w\" sizes=\"(max-width: 1309px) 100vw, 1309px\"><h4 class=\"bde-heading-24-149 bde-heading\">\nStrate\u0161ko savjetovanje i odabir rje\u0161enja\n<\/h4><div class=\"bde-text-24-151 bde-text\">\nNa temelju analize definiramo optimalno tehni\u010dko i ekonomsko rje\u0161enje, prilago\u0111eno va\u0161em sektoru, lokaciji i dugoro\u010dnim ciljevima.\n<\/div>\n<\/div><div class=\"bde-column-24-142 bde-column\">\n  \n  \n\t\n\n\n\n<img decoding=\"async\" class=\"bde-image2-24-277 bde-image2\" src=\"https:\/\/demo2026.inciner8.hr\/wp\/wp-content\/uploads\/2025\/12\/implementacija.jpg\" loading=\"lazy\" srcset=\"https:\/\/demo2026.inciner8.hr\/wp\/wp-content\/uploads\/2025\/12\/implementacija.jpg 1309w, https:\/\/demo2026.inciner8.hr\/wp\/wp-content\/uploads\/2025\/12\/implementacija-300x233.jpg 300w, https:\/\/demo2026.inciner8.hr\/wp\/wp-content\/uploads\/2025\/12\/implementacija-1024x795.jpg 1024w, https:\/\/demo2026.inciner8.hr\/wp\/wp-content\/uploads\/2025\/12\/implementacija-768x596.jpg 768w\" sizes=\"(max-width: 1309px) 100vw, 1309px\"><h4 class=\"bde-heading-24-150 bde-heading\">\nImplementacija i dugoro\u010dna podr\u0161ka\n<\/h4><div class=\"bde-text-24-152 bde-text\">\nOsiguravamo isporuku sustava, instalaciju, edukaciju korisnika te pouzdanu tehni\u010dku podr\u0161ku tijekom cijelog \u017eivotnog vijeka opreme.\n<\/div>\n<\/div><\/div><\/div>\n<\/section><section class=\"bde-section-24-230 bde-section\">\n              \n  \n  \n\t\n\n\n\n<div class=\"section-container\"><div class=\"bde-div-24-272 bde-div\">\n  \n  \n\t\n\n\n\n<div class=\"bde-div-24-273 bde-div\">\n  \n  \n\t\n\n\n\n<h2 class=\"bde-heading-24-231 bde-heading\">\nDugogodi\u0161nje iskustvo. Dokazana u\u010dinkovitost.\n<\/h2><div class=\"bde-text-24-232 bde-text\">\nInciner8 razvija i isporu\u010duje visokou\u010dinkovite sustave za zbrinjavanje otpada koji rje\u0161avaju slo\u017eene izazove diljem svijeta. Rje\u0161enjima Inciner8 vjeruju javne institucije, privatni korisnici, zdravstvene ustanove i industrijski operateri u vi\u0161e od 180 zemalja, uklju\u010duju\u0107i projekte u najzahtjevnijim i udaljenim okru\u017eenjima.\n<\/div>\n<\/div><div class=\"bde-button-24-371 bde-button\">\n    \n                        \n                        \n    \n    \n    \n    \n            \n                    \n            \n            \n\n    \n    \n    \n    \n    \n    <a class=\"breakdance-link button-atom button-atom--secondary bde-button__button\" href=\"https:\/\/demo2026.inciner8.hr\/wp\/reference\/\" target=\"_self\" data-type=\"url\"  >\n\n    \n        <span class=\"button-atom__text\">Neki od na\u0161ih projekata<\/span>\n\n        \n        \n                <\/a>\n\n    \n\n\n<\/div>\n<\/div><div class=\"bde-div-24-370 bde-div\">\n  \n  \n\t\n\n\n\n<div class=\"bde-basicslider-24-234 bde-basicslider\">\n<div class=\"breakdance-swiper-wrapper\" data-swiper-id=\"234\">\n    <div class=\"swiper\">\n      <div class=\"swiper-wrapper\">\n      \n\t                    \n        <div class=\"swiper-slide\">\n          <div class=\"bde-basicslider__slide\">\n              <div class=\"bde-basicslider__content\">\n                          <h3 class=\"bde-basicslider__title\">Inciner8 Europe - regionalni predstavnik<\/h3>\n                                    <div class=\"bde-basicslider__text\">\n              <p data-start=\"168\" data-end=\"382\"><strong data-start=\"168\" data-end=\"187\">Inciner8 d.o.o.<\/strong>, sa sjedi\u0161tem u Hrvatskoj, djeluje kao regionalni predstavnik za tr\u017ei\u0161ta <strong data-start=\"261\" data-end=\"289\">Srednje i Isto\u010dne Europe<\/strong> te <strong data-start=\"293\" data-end=\"314\">Balti\u010dkih zemalja<\/strong>, pru\u017eaju\u0107i podr\u0161ku klijentima i partnerima na navedenim podru\u010djima.<\/p>\n<p data-start=\"384\" data-end=\"486\">Za dodatne informacije o <strong data-start=\"409\" data-end=\"456\">lokalnim predstavnicima i partnerskoj mre\u017ei<\/strong>, stojimo vam na raspolaganju.<\/p>\n            <\/div>\n                                    <\/div>\n\n\t\t\t\t\t\t<div class=\"bde-basicslider__overlay\" style=\"  background: #1A1A1A78;\n\"><\/div>\n\t\t\t\t\t\t          <img loading=\"lazy\" decoding=\"async\" class=\"breakdance-image-object bde-basicslider__image\" src=\"https:\/\/demo2026.inciner8.hr\/wp\/wp-content\/uploads\/2025\/12\/globe.jpg\" width=\"1329\" height=\"1446\" srcset=\"https:\/\/demo2026.inciner8.hr\/wp\/wp-content\/uploads\/2025\/12\/globe.jpg 1329w, https:\/\/demo2026.inciner8.hr\/wp\/wp-content\/uploads\/2025\/12\/globe-276x300.jpg 276w, https:\/\/demo2026.inciner8.hr\/wp\/wp-content\/uploads\/2025\/12\/globe-941x1024.jpg 941w, https:\/\/demo2026.inciner8.hr\/wp\/wp-content\/uploads\/2025\/12\/globe-768x836.jpg 768w\" sizes=\"auto, (max-width: 1329px) 100vw, 1329px\">\n\t\t\t\n          <\/div>\n        <\/div>\n       \n      <\/div>\n    <\/div>\n        \n            <div class=\"swiper-pagination\"><\/div>\n    \n<\/div>\n\n<\/div><div class=\"bde-button-24-373 bde-button\">\n    \n                        \n                        \n    \n    \n    \n    \n            \n                    \n            \n            \n\n    \n    \n    \n    \n    \n    <a class=\"breakdance-link button-atom button-atom--primary bde-button__button\" href=\"https:\/\/demo2026.inciner8.hr\/wp\/regionalni-kontakti\/#predstavnici\" target=\"_self\" data-type=\"url\"  >\n\n    \n        <span class=\"button-atom__text\">Na\u0161i predstavnici<\/span>\n\n        \n        \n                <\/a>\n\n    \n\n\n<\/div>\n<\/div><\/div>\n<\/section>","protected":false},"excerpt":{"rendered":"<p>Inciner8 &#8211; Lider u razvoju i implementaciji rje\u0161enja za zbrinjavanje otpada Industrijska rje\u0161enja za Termi\u010dku obradu otpada Zapo\u010dnite projektni upit Spalionice otpada\u017eivotinjskog porijekla Spalionice medicinskogi infektivnog otpada Spalionice industrijskogi komunalnog otpada Ure\u0111aji za kremacijuku\u0107nih ljubimaca Industrijske spalionice otpada za razli\u010dite sektore Pouzdana rje\u0161enja, gdje god su potrebna Brza isporuka i implementacija Tehnologija s fokusom na [&hellip;]<\/p>\n","protected":false},"author":1,"featured_media":0,"parent":0,"menu_order":0,"comment_status":"closed","ping_status":"closed","template":"","meta":{"_breakdance_hide_in_design_set":false,"_breakdance_tags":"","footnotes":""},"class_list":["post-24","page","type-page","status-publish","hentry"],"_links":{"self":[{"href":"https:\/\/demo2026.inciner8.hr\/wp\/wp-json\/wp\/v2\/pages\/24","targetHints":{"allow":["GET"]}}],"collection":[{"href":"https:\/\/demo2026.inciner8.hr\/wp\/wp-json\/wp\/v2\/pages"}],"about":[{"href":"https:\/\/demo2026.inciner8.hr\/wp\/wp-json\/wp\/v2\/types\/page"}],"author":[{"embeddable":true,"href":"https:\/\/demo2026.inciner8.hr\/wp\/wp-json\/wp\/v2\/users\/1"}],"replies":[{"embeddable":true,"href":"https:\/\/demo2026.inciner8.hr\/wp\/wp-json\/wp\/v2\/comments?post=24"}],"version-history":[{"count":96,"href":"https:\/\/demo2026.inciner8.hr\/wp\/wp-json\/wp\/v2\/pages\/24\/revisions"}],"predecessor-version":[{"id":767,"href":"https:\/\/demo2026.inciner8.hr\/wp\/wp-json\/wp\/v2\/pages\/24\/revisions\/767"}],"wp:attachment":[{"href":"https:\/\/demo2026.inciner8.hr\/wp\/wp-json\/wp\/v2\/media?parent=24"}],"curies":[{"name":"wp","href":"https:\/\/api.w.org\/{rel}","templated":true}]}}